{"id":217,"date":"2024-05-08T14:07:40","date_gmt":"2024-05-08T12:07:40","guid":{"rendered":"https:\/\/vranastav.sk\/?page_id=217"},"modified":"2024-10-24T11:29:07","modified_gmt":"2024-10-24T09:29:07","slug":"kontakt","status":"publish","type":"page","link":"https:\/\/vranastav.sk\/?page_id=217","title":{"rendered":"Kontakt"},"content":{"rendered":"\t\t<div data-elementor-type=\"wp-page\" data-elementor-id=\"217\" class=\"elementor elementor-217\">\n\t\t\t\t<div class=\"elementor-element elementor-element-63540cc e-con-full e-flex e-con e-parent\" data-id=\"63540cc\" data-element_type=\"container\">\n\t\t\t\t<\/div>\n\t\t<div class=\"elementor-element elementor-element-17f6aac e-grid e-con-boxed e-con e-parent\" data-id=\"17f6aac\" data-element_type=\"container\">\n\t\t\t\t\t<div class=\"e-con-inner\">\n\t\t<div class=\"elementor-element elementor-element-8c23631 e-con-full e-flex e-con e-child\" data-id=\"8c23631\" data-element_type=\"container\">\n\t\t\t\t<div class=\"elementor-element elementor-element-6233943 elementor-widget__width-initial elementor-widget elementor-widget-text-editor\" data-id=\"6233943\" data-element_type=\"widget\" data-widget_type=\"text-editor.default\">\n\t\t\t\t<div class=\"elementor-widget-container\">\n\t\t\t\t\t\t\t<h4><strong>Faktura\u010dn\u00e9 \u00fadaje<\/strong><\/h4><p>Peter Vrana<\/p><p>Cement\u00e1rensk\u00e1 cesta 5208\/9<br \/>97401 Bansk\u00e1 Bystrica<\/p><p>I\u010cO: 45386676<\/p><p>DI\u010c: 1081899192<\/p><p><strong>Telef\u00f3n:<\/strong> 0907 224 562<\/p><p><strong>Email:<\/strong> pvrana@centrum.sk<\/p>\t\t\t\t\t\t<\/div>\n\t\t\t\t<\/div>\n\t\t\t\t<\/div>\n\t\t<div class=\"elementor-element elementor-element-75f3ff3 e-con-full e-flex e-con e-child\" data-id=\"75f3ff3\" data-element_type=\"container\">\n\t\t\t\t<div class=\"elementor-element elementor-element-56e6289 elementor-widget elementor-widget-button\" data-id=\"56e6289\" data-element_type=\"widget\" data-widget_type=\"button.default\">\n\t\t\t\t<div class=\"elementor-widget-container\">\n\t\t\t\t\t<div class=\"elementor-button-wrapper\">\n\t\t\t<a class=\"elementor-button elementor-button-link elementor-size-sm\" href=\"mailto:info@vranastav.sk\">\n\t\t\t\t\t\t<span class=\"elementor-button-content-wrapper\">\n\t\t\t\t\t\t<span class=\"elementor-button-icon\">\n\t\t\t\t<svg aria-hidden=\"true\" class=\"e-font-icon-svg e-fas-mail-bulk\" viewBox=\"0 0 576 512\" xmlns=\"http:\/\/www.w3.org\/2000\/svg\"><path d=\"M160 448c-25.6 0-51.2-22.4-64-32-64-44.8-83.2-60.8-96-70.4V480c0 17.67 14.33 32 32 32h256c17.67 0 32-14.33 32-32V345.6c-12.8 9.6-32 25.6-96 70.4-12.8 9.6-38.4 32-64 32zm128-192H32c-17.67 0-32 14.33-32 32v16c25.6 19.2 22.4 19.2 115.2 86.4 9.6 6.4 28.8 25.6 44.8 25.6s35.2-19.2 44.8-22.4c92.8-67.2 89.6-67.2 115.2-86.4V288c0-17.67-14.33-32-32-32zm256-96H224c-17.67 0-32 14.33-32 32v32h96c33.21 0 60.59 25.42 63.71 57.82l.29-.22V416h192c17.67 0 32-14.33 32-32V192c0-17.67-14.33-32-32-32zm-32 128h-64v-64h64v64zm-352-96c0-35.29 28.71-64 64-64h224V32c0-17.67-14.33-32-32-32H96C78.33 0 64 14.33 64 32v192h96v-32z\"><\/path><\/svg>\t\t\t<\/span>\n\t\t\t\t\t\t\t\t\t<span class=\"elementor-button-text\">KONTAKTUJTE N\u00c1S<\/span>\n\t\t\t\t\t<\/span>\n\t\t\t\t\t<\/a>\n\t\t<\/div>\n\t\t\t\t<\/div>\n\t\t\t\t<\/div>\n\t\t\t\t<\/div>\n\t\t\t\t\t<\/div>\n\t\t\t\t<\/div>\n\t\t<div class=\"elementor-element elementor-element-5d4e5b4 e-flex e-con-boxed e-con e-parent\" data-id=\"5d4e5b4\" data-element_type=\"container\">\n\t\t\t\t\t<div class=\"e-con-inner\">\n\t\t\t\t\t<\/div>\n\t\t\t\t<\/div>\n\t\t<div class=\"elementor-element elementor-element-d22ca0c e-flex e-con-boxed e-con e-parent\" data-id=\"d22ca0c\" data-element_type=\"container\">\n\t\t\t\t\t<div class=\"e-con-inner\">\n\t\t\t\t\t<\/div>\n\t\t\t\t<\/div>\n\t\t\t\t<\/div>\n\t\t","protected":false},"excerpt":{"rendered":"<p>Faktura\u010dn\u00e9 \u00fadaje Peter Vrana Cement\u00e1rensk\u00e1 cesta 5208\/997401 Bansk\u00e1 Bystrica I\u010cO: 45386676 DI\u010c: 1081899192 Telef\u00f3n: 0907 224 562 Email: pvrana@centrum.sk KONTAKTUJTE N\u00c1S<\/p>\n","protected":false},"author":1,"featured_media":0,"parent":0,"menu_order":0,"comment_status":"closed","ping_status":"closed","template":"","meta":{"_monsterinsights_skip_tracking":false,"_monsterinsights_sitenote_active":false,"_monsterinsights_sitenote_note":"","_monsterinsights_sitenote_category":0,"footnotes":""},"yoast_head":"<!-- This site is optimized with the Yoast SEO plugin v23.5 - https:\/\/yoast.com\/wordpress\/plugins\/seo\/ -->\n<title>Kontakt - vranastav.sk<\/title>\n<meta name=\"description\" content=\"kontaktn\u00e9 \u00fadaje Peter Vrana\" \/>\n<meta name=\"robots\" content=\"index, follow, max-snippet:-1, max-image-preview:large, max-video-preview:-1\" \/>\n<link rel=\"canonical\" href=\"https:\/\/vranastav.sk\/?page_id=217\" \/>\n<meta property=\"og:locale\" content=\"sk_SK\" \/>\n<meta property=\"og:type\" content=\"article\" \/>\n<meta property=\"og:title\" content=\"Kontakt - vranastav.sk\" \/>\n<meta property=\"og:description\" content=\"kontaktn\u00e9 \u00fadaje Peter Vrana\" \/>\n<meta property=\"og:url\" content=\"https:\/\/vranastav.sk\/?page_id=217\" \/>\n<meta property=\"og:site_name\" content=\"vranastav.sk\" \/>\n<meta property=\"article:modified_time\" content=\"2024-10-24T09:29:07+00:00\" \/>\n<meta name=\"twitter:card\" content=\"summary_large_image\" \/>\n<meta name=\"twitter:label1\" content=\"Predpokladan\u00fd \u010das \u010d\u00edtania\" \/>\n\t<meta name=\"twitter:data1\" content=\"1 min\u00fata\" \/>\n<script type=\"application\/ld+json\" class=\"yoast-schema-graph\">{\"@context\":\"https:\/\/schema.org\",\"@graph\":[{\"@type\":\"WebPage\",\"@id\":\"https:\/\/vranastav.sk\/?page_id=217\",\"url\":\"https:\/\/vranastav.sk\/?page_id=217\",\"name\":\"Kontakt - vranastav.sk\",\"isPartOf\":{\"@id\":\"http:\/\/vranastav.sk\/#website\"},\"datePublished\":\"2024-05-08T12:07:40+00:00\",\"dateModified\":\"2024-10-24T09:29:07+00:00\",\"description\":\"kontaktn\u00e9 \u00fadaje Peter Vrana\",\"breadcrumb\":{\"@id\":\"https:\/\/vranastav.sk\/?page_id=217#breadcrumb\"},\"inLanguage\":\"sk-SK\",\"potentialAction\":[{\"@type\":\"ReadAction\",\"target\":[\"https:\/\/vranastav.sk\/?page_id=217\"]}]},{\"@type\":\"BreadcrumbList\",\"@id\":\"https:\/\/vranastav.sk\/?page_id=217#breadcrumb\",\"itemListElement\":[{\"@type\":\"ListItem\",\"position\":1,\"name\":\"Home\",\"item\":\"http:\/\/vranastav.sk\/\"},{\"@type\":\"ListItem\",\"position\":2,\"name\":\"Kontakt\"}]},{\"@type\":\"WebSite\",\"@id\":\"http:\/\/vranastav.sk\/#website\",\"url\":\"http:\/\/vranastav.sk\/\",\"name\":\"vranastav.sk\",\"description\":\"stavebn\u00e9 pr\u00e1ce\",\"publisher\":{\"@id\":\"http:\/\/vranastav.sk\/#organization\"},\"potentialAction\":[{\"@type\":\"SearchAction\",\"target\":{\"@type\":\"EntryPoint\",\"urlTemplate\":\"http:\/\/vranastav.sk\/?s={search_term_string}\"},\"query-input\":{\"@type\":\"PropertyValueSpecification\",\"valueRequired\":true,\"valueName\":\"search_term_string\"}}],\"inLanguage\":\"sk-SK\"},{\"@type\":\"Organization\",\"@id\":\"http:\/\/vranastav.sk\/#organization\",\"name\":\"vranastav.sk\",\"url\":\"http:\/\/vranastav.sk\/\",\"logo\":{\"@type\":\"ImageObject\",\"inLanguage\":\"sk-SK\",\"@id\":\"http:\/\/vranastav.sk\/#\/schema\/logo\/image\/\",\"url\":\"https:\/\/vranastav.sk\/wp-content\/uploads\/2024\/05\/cropped-vrana-logo.png\",\"contentUrl\":\"https:\/\/vranastav.sk\/wp-content\/uploads\/2024\/05\/cropped-vrana-logo.png\",\"width\":586,\"height\":100,\"caption\":\"vranastav.sk\"},\"image\":{\"@id\":\"http:\/\/vranastav.sk\/#\/schema\/logo\/image\/\"}}]}<\/script>\n<!-- \/ Yoast SEO plugin. -->","yoast_head_json":{"title":"Kontakt - vranastav.sk","description":"kontaktn\u00e9 \u00fadaje Peter Vrana","robots":{"index":"index","follow":"follow","max-snippet":"max-snippet:-1","max-image-preview":"max-image-preview:large","max-video-preview":"max-video-preview:-1"},"canonical":"https:\/\/vranastav.sk\/?page_id=217","og_locale":"sk_SK","og_type":"article","og_title":"Kontakt - vranastav.sk","og_description":"kontaktn\u00e9 \u00fadaje Peter Vrana","og_url":"https:\/\/vranastav.sk\/?page_id=217","og_site_name":"vranastav.sk","article_modified_time":"2024-10-24T09:29:07+00:00","twitter_card":"summary_large_image","twitter_misc":{"Predpokladan\u00fd \u010das \u010d\u00edtania":"1 min\u00fata"},"schema":{"@context":"https:\/\/schema.org","@graph":[{"@type":"WebPage","@id":"https:\/\/vranastav.sk\/?page_id=217","url":"https:\/\/vranastav.sk\/?page_id=217","name":"Kontakt - vranastav.sk","isPartOf":{"@id":"http:\/\/vranastav.sk\/#website"},"datePublished":"2024-05-08T12:07:40+00:00","dateModified":"2024-10-24T09:29:07+00:00","description":"kontaktn\u00e9 \u00fadaje Peter Vrana","breadcrumb":{"@id":"https:\/\/vranastav.sk\/?page_id=217#breadcrumb"},"inLanguage":"sk-SK","potentialAction":[{"@type":"ReadAction","target":["https:\/\/vranastav.sk\/?page_id=217"]}]},{"@type":"BreadcrumbList","@id":"https:\/\/vranastav.sk\/?page_id=217#breadcrumb","itemListElement":[{"@type":"ListItem","position":1,"name":"Home","item":"http:\/\/vranastav.sk\/"},{"@type":"ListItem","position":2,"name":"Kontakt"}]},{"@type":"WebSite","@id":"http:\/\/vranastav.sk\/#website","url":"http:\/\/vranastav.sk\/","name":"vranastav.sk","description":"stavebn\u00e9 pr\u00e1ce","publisher":{"@id":"http:\/\/vranastav.sk\/#organization"},"potentialAction":[{"@type":"SearchAction","target":{"@type":"EntryPoint","urlTemplate":"http:\/\/vranastav.sk\/?s={search_term_string}"},"query-input":{"@type":"PropertyValueSpecification","valueRequired":true,"valueName":"search_term_string"}}],"inLanguage":"sk-SK"},{"@type":"Organization","@id":"http:\/\/vranastav.sk\/#organization","name":"vranastav.sk","url":"http:\/\/vranastav.sk\/","logo":{"@type":"ImageObject","inLanguage":"sk-SK","@id":"http:\/\/vranastav.sk\/#\/schema\/logo\/image\/","url":"https:\/\/vranastav.sk\/wp-content\/uploads\/2024\/05\/cropped-vrana-logo.png","contentUrl":"https:\/\/vranastav.sk\/wp-content\/uploads\/2024\/05\/cropped-vrana-logo.png","width":586,"height":100,"caption":"vranastav.sk"},"image":{"@id":"http:\/\/vranastav.sk\/#\/schema\/logo\/image\/"}}]}},"_links":{"self":[{"href":"https:\/\/vranastav.sk\/index.php?rest_route=\/wp\/v2\/pages\/217"}],"collection":[{"href":"https:\/\/vranastav.sk\/index.php?rest_route=\/wp\/v2\/pages"}],"about":[{"href":"https:\/\/vranastav.sk\/index.php?rest_route=\/wp\/v2\/types\/page"}],"author":[{"embeddable":true,"href":"https:\/\/vranastav.sk\/index.php?rest_route=\/wp\/v2\/users\/1"}],"replies":[{"embeddable":true,"href":"https:\/\/vranastav.sk\/index.php?rest_route=%2Fwp%2Fv2%2Fcomments&post=217"}],"version-history":[{"count":6,"href":"https:\/\/vranastav.sk\/index.php?rest_route=\/wp\/v2\/pages\/217\/revisions"}],"predecessor-version":[{"id":365,"href":"https:\/\/vranastav.sk\/index.php?rest_route=\/wp\/v2\/pages\/217\/revisions\/365"}],"wp:attachment":[{"href":"https:\/\/vranastav.sk\/index.php?rest_route=%2Fwp%2Fv2%2Fmedia&parent=217"}],"curies":[{"name":"wp","href":"https:\/\/api.w.org\/{rel}","templated":true}]}}