{"id":141,"date":"2020-06-23T05:14:24","date_gmt":"2020-06-23T05:14:24","guid":{"rendered":"https:\/\/bizbergthemes.com\/building-construction-architecture-lite\/?page_id=141"},"modified":"2024-10-30T15:33:42","modified_gmt":"2024-10-30T14:33:42","slug":"o-nas","status":"publish","type":"page","link":"https:\/\/vranastav.sk\/?page_id=141","title":{"rendered":"O n\u00e1s"},"content":{"rendered":"\t\t<div data-elementor-type=\"wp-page\" data-elementor-id=\"141\" class=\"elementor elementor-141\">\n\t\t\t\t<div class=\"elementor-element elementor-element-4dae8614 e-flex e-con-boxed e-con e-parent\" data-id=\"4dae8614\" data-element_type=\"container\">\n\t\t\t\t\t<div class=\"e-con-inner\">\n\t\t\t\t<div class=\"elementor-element elementor-element-1a2de05 elementor-widget elementor-widget-text-editor\" data-id=\"1a2de05\" data-element_type=\"widget\" data-widget_type=\"text-editor.default\">\n\t\t\t\t<div class=\"elementor-widget-container\">\n\t\t\t\t\t\t\t<p><!-- wp:paragraph --><\/p>\n<p>Kvalitn\u00e1 stavebn\u00e1 firma je viac ne\u017e len realiz\u00e1tor projektov, je to partner, na ktor\u00e9ho sa m\u00f4\u017eete spo\u013eahn\u00fa\u0165. Sme hrd\u00ed na na\u0161e kvalitne vykonan\u00e9 projekty, ktor\u00e9 sp\u013a\u0148aj\u00fa va\u0161e o\u010dak\u00e1vania.<\/p>\n<p><!-- \/wp:paragraph --><\/p>\n<p><!-- wp:paragraph --><\/p>\n<p>Rob\u00edme svoju pr\u00e1cu s \u00factou k term\u00ednom a s d\u00f4razom na detaily u\u017e viac ako 15 rokov. N\u00e1\u0161 t\u00edm m\u00e1 odborn\u00e9 sk\u00fasenosti a r\u00e1d V\u00e1m porad\u00ed s pr\u00edpravou projektu, materi\u00e1lom vhodn\u00fdm na pou\u017eitie bezplatne.<\/p>\n<p><!-- \/wp:paragraph --><\/p>\n<p><!-- wp:paragraph --><\/p>\n<p>Bezpe\u010dnos\u0165 na pracovisku je pre n\u00e1s prioritou, a preto dodr\u017eiavame pr\u00edsne bezpe\u010dnostn\u00e9 \u0161tandardy. Budujeme dlhodob\u00e9 vz\u0165ahy so svojimi klientmi a partnermi, preto\u017ee ver\u00edme v trval\u00fa spolupr\u00e1cu.<\/p>\n<p><!-- \/wp:paragraph --><\/p>\n<p><!-- wp:paragraph --><\/p>\n<p>Nap\u00ed\u0161te n\u00e1m cez formul\u00e1r alebo na mail pvranastav@centrum.sk a my v\u00e1m vypracujeme nez\u00e1v\u00e4zn\u00fa kalkul\u00e1ciu.<\/p>\n<p>\u00a0<\/p>\n<p><!-- \/wp:paragraph --><\/p>\n<p><!-- wp:paragraph --><\/p>\n<p><!-- \/wp:paragraph --><\/p>\n<p><!-- wp:paragraph {\"fontSize\":\"medium\"} --><\/p>\n<p class=\"has-medium-font-size\"><strong>Nez\u00e1v\u00e4zn\u00e1 cenov\u00e1 ponuka:<\/strong><\/p>\n<p class=\"has-medium-font-size\">\u00a0<\/p>\n<p><!-- \/wp:contact-form-7\/contact-form-selector --><\/p>\t\t\t\t\t\t<\/div>\n\t\t\t\t<\/div>\n\t\t\t\t\t<\/div>\n\t\t\t\t<\/div>\n\t\t<div class=\"elementor-element elementor-element-de5cc5a e-flex e-con-boxed e-con e-parent\" data-id=\"de5cc5a\" data-element_type=\"container\">\n\t\t\t\t\t<div class=\"e-con-inner\">\n\t\t\t\t<div class=\"elementor-element elementor-element-8177aa9 elementor-widget elementor-widget-button\" data-id=\"8177aa9\" data-element_type=\"widget\" data-widget_type=\"button.default\">\n\t\t\t\t<div class=\"elementor-widget-container\">\n\t\t\t\t\t<div class=\"elementor-button-wrapper\">\n\t\t\t<a class=\"elementor-button elementor-button-link elementor-size-sm\" href=\"mailto:%20info@vranastav.sk\">\n\t\t\t\t\t\t<span class=\"elementor-button-content-wrapper\">\n\t\t\t\t\t\t\t\t\t<span class=\"elementor-button-text\">CHCEM NEZ\u00c1V\u00c4ZN\u00da CENOV\u00da PONUKU<\/span>\n\t\t\t\t\t<\/span>\n\t\t\t\t\t<\/a>\n\t\t<\/div>\n\t\t\t\t<\/div>\n\t\t\t\t<\/div>\n\t\t\t\t\t<\/div>\n\t\t\t\t<\/div>\n\t\t\t\t<\/div>\n\t\t","protected":false},"excerpt":{"rendered":"<p>Kvalitn\u00e1 stavebn\u00e1 firma je viac ne\u017e len realiz\u00e1tor projektov, je to partner, na ktor\u00e9ho sa m\u00f4\u017eete spo\u013eahn\u00fa\u0165. Sme hrd\u00ed na na\u0161e kvalitne vykonan\u00e9 projekty, ktor\u00e9 sp\u013a\u0148aj\u00fa va\u0161e o\u010dak\u00e1vania. Rob\u00edme svoju pr\u00e1cu s \u00factou k term\u00ednom a s d\u00f4razom na detaily u\u017e viac ako 15 rokov. N\u00e1\u0161 t\u00edm m\u00e1 odborn\u00e9 sk\u00fasenosti a r\u00e1d V\u00e1m porad\u00ed s pr\u00edpravou projektu, materi\u00e1lom vhodn\u00fdm na&#8230;<\/p>\n","protected":false},"author":1,"featured_media":69,"parent":0,"menu_order":0,"comment_status":"closed","ping_status":"closed","template":"","meta":{"_monsterinsights_skip_tracking":false,"_monsterinsights_sitenote_active":false,"_monsterinsights_sitenote_note":"","_monsterinsights_sitenote_category":0,"footnotes":""},"yoast_head":"<!-- This site is optimized with the Yoast SEO plugin v23.5 - https:\/\/yoast.com\/wordpress\/plugins\/seo\/ -->\n<title>O n\u00e1s - vranastav.sk<\/title>\n<meta name=\"robots\" content=\"index, follow, max-snippet:-1, max-image-preview:large, max-video-preview:-1\" \/>\n<link rel=\"canonical\" href=\"http:\/\/vranastav.sk\/?page_id=141\" \/>\n<meta property=\"og:locale\" content=\"sk_SK\" \/>\n<meta property=\"og:type\" content=\"article\" \/>\n<meta property=\"og:title\" content=\"O n\u00e1s - vranastav.sk\" \/>\n<meta property=\"og:description\" content=\"Kvalitn\u00e1 stavebn\u00e1 firma je viac ne\u017e len realiz\u00e1tor projektov, je to partner, na ktor\u00e9ho sa m\u00f4\u017eete spo\u013eahn\u00fa\u0165. Sme hrd\u00ed na na\u0161e kvalitne vykonan\u00e9 projekty, ktor\u00e9 sp\u013a\u0148aj\u00fa va\u0161e o\u010dak\u00e1vania. Rob\u00edme svoju pr\u00e1cu s \u00factou k term\u00ednom a s d\u00f4razom na detaily u\u017e viac ako 15 rokov. N\u00e1\u0161 t\u00edm m\u00e1 odborn\u00e9 sk\u00fasenosti a r\u00e1d V\u00e1m porad\u00ed s pr\u00edpravou projektu, materi\u00e1lom vhodn\u00fdm na...\" \/>\n<meta property=\"og:url\" content=\"http:\/\/vranastav.sk\/?page_id=141\" \/>\n<meta property=\"og:site_name\" content=\"vranastav.sk\" \/>\n<meta property=\"article:modified_time\" content=\"2024-10-30T14:33:42+00:00\" \/>\n<meta property=\"og:image\" content=\"http:\/\/vranastav.sk\/wp-content\/uploads\/2020\/06\/pexels-photo-2219024.jpeg\" \/>\n\t<meta property=\"og:image:width\" content=\"700\" \/>\n\t<meta property=\"og:image:height\" content=\"467\" \/>\n\t<meta property=\"og:image:type\" content=\"image\/jpeg\" \/>\n<meta name=\"twitter:card\" content=\"summary_large_image\" \/>\n<meta name=\"twitter:label1\" content=\"Predpokladan\u00fd \u010das \u010d\u00edtania\" \/>\n\t<meta name=\"twitter:data1\" content=\"1 min\u00fata\" \/>\n<script type=\"application\/ld+json\" class=\"yoast-schema-graph\">{\"@context\":\"https:\/\/schema.org\",\"@graph\":[{\"@type\":\"WebPage\",\"@id\":\"http:\/\/vranastav.sk\/?page_id=141\",\"url\":\"http:\/\/vranastav.sk\/?page_id=141\",\"name\":\"O n\u00e1s - vranastav.sk\",\"isPartOf\":{\"@id\":\"http:\/\/vranastav.sk\/#website\"},\"primaryImageOfPage\":{\"@id\":\"http:\/\/vranastav.sk\/?page_id=141#primaryimage\"},\"image\":{\"@id\":\"http:\/\/vranastav.sk\/?page_id=141#primaryimage\"},\"thumbnailUrl\":\"https:\/\/vranastav.sk\/wp-content\/uploads\/2020\/06\/pexels-photo-2219024.jpeg\",\"datePublished\":\"2020-06-23T05:14:24+00:00\",\"dateModified\":\"2024-10-30T14:33:42+00:00\",\"breadcrumb\":{\"@id\":\"http:\/\/vranastav.sk\/?page_id=141#breadcrumb\"},\"inLanguage\":\"sk-SK\",\"potentialAction\":[{\"@type\":\"ReadAction\",\"target\":[\"http:\/\/vranastav.sk\/?page_id=141\"]}]},{\"@type\":\"ImageObject\",\"inLanguage\":\"sk-SK\",\"@id\":\"http:\/\/vranastav.sk\/?page_id=141#primaryimage\",\"url\":\"https:\/\/vranastav.sk\/wp-content\/uploads\/2020\/06\/pexels-photo-2219024.jpeg\",\"contentUrl\":\"https:\/\/vranastav.sk\/wp-content\/uploads\/2020\/06\/pexels-photo-2219024.jpeg\",\"width\":700,\"height\":467},{\"@type\":\"BreadcrumbList\",\"@id\":\"http:\/\/vranastav.sk\/?page_id=141#breadcrumb\",\"itemListElement\":[{\"@type\":\"ListItem\",\"position\":1,\"name\":\"Home\",\"item\":\"http:\/\/vranastav.sk\/\"},{\"@type\":\"ListItem\",\"position\":2,\"name\":\"O n\u00e1s\"}]},{\"@type\":\"WebSite\",\"@id\":\"http:\/\/vranastav.sk\/#website\",\"url\":\"http:\/\/vranastav.sk\/\",\"name\":\"vranastav.sk\",\"description\":\"stavebn\u00e9 pr\u00e1ce\",\"publisher\":{\"@id\":\"http:\/\/vranastav.sk\/#organization\"},\"potentialAction\":[{\"@type\":\"SearchAction\",\"target\":{\"@type\":\"EntryPoint\",\"urlTemplate\":\"http:\/\/vranastav.sk\/?s={search_term_string}\"},\"query-input\":{\"@type\":\"PropertyValueSpecification\",\"valueRequired\":true,\"valueName\":\"search_term_string\"}}],\"inLanguage\":\"sk-SK\"},{\"@type\":\"Organization\",\"@id\":\"http:\/\/vranastav.sk\/#organization\",\"name\":\"vranastav.sk\",\"url\":\"http:\/\/vranastav.sk\/\",\"logo\":{\"@type\":\"ImageObject\",\"inLanguage\":\"sk-SK\",\"@id\":\"http:\/\/vranastav.sk\/#\/schema\/logo\/image\/\",\"url\":\"https:\/\/vranastav.sk\/wp-content\/uploads\/2024\/05\/cropped-vrana-logo.png\",\"contentUrl\":\"https:\/\/vranastav.sk\/wp-content\/uploads\/2024\/05\/cropped-vrana-logo.png\",\"width\":586,\"height\":100,\"caption\":\"vranastav.sk\"},\"image\":{\"@id\":\"http:\/\/vranastav.sk\/#\/schema\/logo\/image\/\"}}]}<\/script>\n<!-- \/ Yoast SEO plugin. -->","yoast_head_json":{"title":"O n\u00e1s - vranastav.sk","robots":{"index":"index","follow":"follow","max-snippet":"max-snippet:-1","max-image-preview":"max-image-preview:large","max-video-preview":"max-video-preview:-1"},"canonical":"http:\/\/vranastav.sk\/?page_id=141","og_locale":"sk_SK","og_type":"article","og_title":"O n\u00e1s - vranastav.sk","og_description":"Kvalitn\u00e1 stavebn\u00e1 firma je viac ne\u017e len realiz\u00e1tor projektov, je to partner, na ktor\u00e9ho sa m\u00f4\u017eete spo\u013eahn\u00fa\u0165. Sme hrd\u00ed na na\u0161e kvalitne vykonan\u00e9 projekty, ktor\u00e9 sp\u013a\u0148aj\u00fa va\u0161e o\u010dak\u00e1vania. Rob\u00edme svoju pr\u00e1cu s \u00factou k term\u00ednom a s d\u00f4razom na detaily u\u017e viac ako 15 rokov. N\u00e1\u0161 t\u00edm m\u00e1 odborn\u00e9 sk\u00fasenosti a r\u00e1d V\u00e1m porad\u00ed s pr\u00edpravou projektu, materi\u00e1lom vhodn\u00fdm na...","og_url":"http:\/\/vranastav.sk\/?page_id=141","og_site_name":"vranastav.sk","article_modified_time":"2024-10-30T14:33:42+00:00","og_image":[{"width":700,"height":467,"url":"http:\/\/vranastav.sk\/wp-content\/uploads\/2020\/06\/pexels-photo-2219024.jpeg","type":"image\/jpeg"}],"twitter_card":"summary_large_image","twitter_misc":{"Predpokladan\u00fd \u010das \u010d\u00edtania":"1 min\u00fata"},"schema":{"@context":"https:\/\/schema.org","@graph":[{"@type":"WebPage","@id":"http:\/\/vranastav.sk\/?page_id=141","url":"http:\/\/vranastav.sk\/?page_id=141","name":"O n\u00e1s - vranastav.sk","isPartOf":{"@id":"http:\/\/vranastav.sk\/#website"},"primaryImageOfPage":{"@id":"http:\/\/vranastav.sk\/?page_id=141#primaryimage"},"image":{"@id":"http:\/\/vranastav.sk\/?page_id=141#primaryimage"},"thumbnailUrl":"https:\/\/vranastav.sk\/wp-content\/uploads\/2020\/06\/pexels-photo-2219024.jpeg","datePublished":"2020-06-23T05:14:24+00:00","dateModified":"2024-10-30T14:33:42+00:00","breadcrumb":{"@id":"http:\/\/vranastav.sk\/?page_id=141#breadcrumb"},"inLanguage":"sk-SK","potentialAction":[{"@type":"ReadAction","target":["http:\/\/vranastav.sk\/?page_id=141"]}]},{"@type":"ImageObject","inLanguage":"sk-SK","@id":"http:\/\/vranastav.sk\/?page_id=141#primaryimage","url":"https:\/\/vranastav.sk\/wp-content\/uploads\/2020\/06\/pexels-photo-2219024.jpeg","contentUrl":"https:\/\/vranastav.sk\/wp-content\/uploads\/2020\/06\/pexels-photo-2219024.jpeg","width":700,"height":467},{"@type":"BreadcrumbList","@id":"http:\/\/vranastav.sk\/?page_id=141#breadcrumb","itemListElement":[{"@type":"ListItem","position":1,"name":"Home","item":"http:\/\/vranastav.sk\/"},{"@type":"ListItem","position":2,"name":"O n\u00e1s"}]},{"@type":"WebSite","@id":"http:\/\/vranastav.sk\/#website","url":"http:\/\/vranastav.sk\/","name":"vranastav.sk","description":"stavebn\u00e9 pr\u00e1ce","publisher":{"@id":"http:\/\/vranastav.sk\/#organization"},"potentialAction":[{"@type":"SearchAction","target":{"@type":"EntryPoint","urlTemplate":"http:\/\/vranastav.sk\/?s={search_term_string}"},"query-input":{"@type":"PropertyValueSpecification","valueRequired":true,"valueName":"search_term_string"}}],"inLanguage":"sk-SK"},{"@type":"Organization","@id":"http:\/\/vranastav.sk\/#organization","name":"vranastav.sk","url":"http:\/\/vranastav.sk\/","logo":{"@type":"ImageObject","inLanguage":"sk-SK","@id":"http:\/\/vranastav.sk\/#\/schema\/logo\/image\/","url":"https:\/\/vranastav.sk\/wp-content\/uploads\/2024\/05\/cropped-vrana-logo.png","contentUrl":"https:\/\/vranastav.sk\/wp-content\/uploads\/2024\/05\/cropped-vrana-logo.png","width":586,"height":100,"caption":"vranastav.sk"},"image":{"@id":"http:\/\/vranastav.sk\/#\/schema\/logo\/image\/"}}]}},"_links":{"self":[{"href":"https:\/\/vranastav.sk\/index.php?rest_route=\/wp\/v2\/pages\/141"}],"collection":[{"href":"https:\/\/vranastav.sk\/index.php?rest_route=\/wp\/v2\/pages"}],"about":[{"href":"https:\/\/vranastav.sk\/index.php?rest_route=\/wp\/v2\/types\/page"}],"author":[{"embeddable":true,"href":"https:\/\/vranastav.sk\/index.php?rest_route=\/wp\/v2\/users\/1"}],"replies":[{"embeddable":true,"href":"https:\/\/vranastav.sk\/index.php?rest_route=%2Fwp%2Fv2%2Fcomments&post=141"}],"version-history":[{"count":6,"href":"https:\/\/vranastav.sk\/index.php?rest_route=\/wp\/v2\/pages\/141\/revisions"}],"predecessor-version":[{"id":369,"href":"https:\/\/vranastav.sk\/index.php?rest_route=\/wp\/v2\/pages\/141\/revisions\/369"}],"wp:featuredmedia":[{"embeddable":true,"href":"https:\/\/vranastav.sk\/index.php?rest_route=\/wp\/v2\/media\/69"}],"wp:attachment":[{"href":"https:\/\/vranastav.sk\/index.php?rest_route=%2Fwp%2Fv2%2Fmedia&parent=141"}],"curies":[{"name":"wp","href":"https:\/\/api.w.org\/{rel}","templated":true}]}}